{"id":949,"date":"2022-08-17T07:14:22","date_gmt":"2022-08-17T07:14:22","guid":{"rendered":"https:\/\/imperialtwing.com\/product\/hoodie-with-logo\/"},"modified":"2026-02-03T06:00:49","modified_gmt":"2026-02-03T06:00:49","slug":"imperial-twing","status":"publish","type":"product","link":"https:\/\/imperialgames.ch\/fr\/product\/imperial-twing\/","title":{"rendered":"Imperial Twing \u2013 le jeu de cartes et de d\u00e9s fantastique"},"content":{"rendered":"<h3 style=\"text-align: center;\">Maintenant disponible pour livraison partout dans le monde !<\/h3>\n<h3 style=\"text-align: center;\">Livraison gratuite et TVA incluse dans le prix, uniquement pour la Suisse.<\/h3>\n<h4><img decoding=\"async\" class=\"aligncenter size-full wp-image-4415\" src=\"https:\/\/imperialgames.ch\/wp-content\/uploads\/2025\/08\/BASEGAME-F.jpg\" alt=\"Imperial Twing base game\" width=\"1950\" height=\"13929\" srcset=\"https:\/\/imperialgames.ch\/wp-content\/uploads\/2025\/08\/BASEGAME-F.jpg 1950w, https:\/\/imperialgames.ch\/wp-content\/uploads\/2025\/08\/BASEGAME-F-215x1536.jpg 215w, https:\/\/imperialgames.ch\/wp-content\/uploads\/2025\/08\/BASEGAME-F-655x4679.jpg 655w, https:\/\/imperialgames.ch\/wp-content\/uploads\/2025\/08\/BASEGAME-F-42x300.jpg 42w, https:\/\/imperialgames.ch\/wp-content\/uploads\/2025\/08\/BASEGAME-F-768x5486.jpg 768w\" sizes=\"(max-width: 1950px) 100vw, 1950px\" \/><\/h4>\n<div style=\"text-align: center;\">Imperial Twing \u2013 le jeu de cartes et de d\u00e9s fantastique, marrant et passionnant<\/div>","protected":false},"excerpt":{"rendered":"<p><strong>Jeu de cartes et de d\u00e9s fantastique, 2 \u00e0 4 joueurs, 40 \u00e0 90 minutes, \u00e0 partir de 9 ans<\/strong><\/p>\n<p class=\"translation-block\"><strong>Imperial Twing<\/strong>, c'est un jeu de duel magique avec des cartes et des d\u00e9s qui va r\u00e9veiller le sorcier ou le magicien qui sommeille en toi. Avec un peu de tactique et de courage, tu vas passer des heures \u00e0 t'amuser !<\/p>\n<p>Joue au Grand Tournoi de magie, o\u00f9 la ruse, le courage et le chaos d\u00e9cident du destin.<\/p>\n<p>Every game is a gamble between careful strategy and the raw chaos of magic. Will the mystical Orn aid you\u2026 or turn against you at the worst possible moment?<\/p>\n<p>Il s'agit d'une \u00e9dition limit\u00e9e du jeu, disponible jusqu'\u00e0 \u00e9puisement des stocks.<\/p>\n<p>Designed by Andres Pfister &amp; Chris Young, Art by Marius Dihr.<\/p>","protected":false},"featured_media":4473,"comment_status":"open","ping_status":"closed","template":"","meta":{"_uag_custom_page_level_css":"","site-sidebar-layout":"default","site-content-layout":"","ast-site-content-layout":"default","site-content-style":"default","site-sidebar-style":"default","ast-global-header-display":"","ast-banner-title-visibility":"","ast-main-header-display":"","ast-hfb-above-header-display":"","ast-hfb-below-header-display":"","ast-hfb-mobile-header-display":"","site-post-title":"","ast-breadcrumbs-content":"","ast-featured-img":"","footer-sml-layout":"","ast-disable-related-posts":"","theme-transparent-header-meta":"default","adv-header-id-meta":"","stick-header-meta":"","header-above-stick-meta":"","header-main-stick-meta":"","header-below-stick-meta":"","astra-migrate-meta-layouts":"set","ast-page-background-enabled":"default","ast-page-background-meta":{"desktop":{"background-color":"","background-image":"","background-repeat":"repeat","background-position":"center center","background-size":"auto","background-attachment":"scroll","background-type":"","background-media":"","overlay-type":"","overlay-color":"","overlay-opacity":"","overlay-gradient":""},"tablet":{"background-color":"","background-image":"","background-repeat":"repeat","background-position":"center center","background-size":"auto","background-attachment":"scroll","background-type":"","background-media":"","overlay-type":"","overlay-color":"","overlay-opacity":"","overlay-gradient":""},"mobile":{"background-color":"","background-image":"","background-repeat":"repeat","background-position":"center center","background-size":"auto","background-attachment":"scroll","background-type":"","background-media":"","overlay-type":"","overlay-color":"","overlay-opacity":"","overlay-gradient":""}},"ast-content-background-meta":{"desktop":{"background-color":"var(--ast-global-color-5)","background-image":"","background-repeat":"repeat","background-position":"center center","background-size":"auto","background-attachment":"scroll","background-type":"","background-media":"","overlay-type":"","overlay-color":"","overlay-opacity":"","overlay-gradient":""},"tablet":{"background-color":"var(--ast-global-color-5)","background-image":"","background-repeat":"repeat","background-position":"center center","background-size":"auto","background-attachment":"scroll","background-type":"","background-media":"","overlay-type":"","overlay-color":"","overlay-opacity":"","overlay-gradient":""},"mobile":{"background-color":"var(--ast-global-color-5)","background-image":"","background-repeat":"repeat","background-position":"center center","background-size":"auto","background-attachment":"scroll","background-type":"","background-media":"","overlay-type":"","overlay-color":"","overlay-opacity":"","overlay-gradient":""}}},"product_brand":[78],"product_cat":[33,32,36],"product_tag":[],"class_list":{"0":"post-949","1":"product","2":"type-product","3":"status-publish","4":"has-post-thumbnail","6":"product_brand-imperial-twing","7":"product_cat-game-set","8":"product_cat-imperial-twing","9":"product_cat-limited-edition","10":"product_shipping_class-swiss-standard","11":"desktop-align-left","12":"tablet-align-left","13":"mobile-align-left","14":"ast-product-gallery-layout-horizontal-slider","15":"ast-magnify-disabled","16":"ast-product-tabs-layout-horizontal","18":"first","19":"instock","20":"sale","21":"purchasable","22":"product-type-simple"},"spectra_custom_meta":{"rank_math_internal_links_processed":["1"],"total_sales":["13"],"_tax_status":["none"],"_tax_class":["zero-rate"],"_manage_stock":["no"],"_backorders":["no"],"_sold_individually":["no"],"_virtual":["no"],"_downloadable":["no"],"_download_limit":["-1"],"_download_expiry":["-1"],"_stock":[null],"_stock_status":["instock"],"_wc_average_rating":["4.43"],"_wc_review_count":["7"],"_product_version":["10.4.3"],"_edit_lock":["1765309006:2"],"_last_editor_used_jetpack":["classic-editor"],"_edit_last":["2"],"rank_math_seo_score":["74"],"_thumbnail_id":["4473"],"_rank_math_gtin_code":[""],"_regular_price":["58"],"_price":["48"],"rank_math_primary_product_cat":["0"],"rank_math_analytic_object_id":["40"],"_genesis_scripts_body_position":["bottom"],"_wc_avatax_code":[""],"rank_math_focus_keyword":["game,card game,dice game,card and dice game,spiel,Karten- und W\u00fcrfelspiel"],"_wp_convertkit_post_meta":["a:4:{s:4:\"form\";s:2:\"-1\";s:12:\"landing_page\";s:0:\"\";s:3:\"tag\";s:1:\"0\";s:16:\"restrict_content\";s:1:\"0\";}"],"_premium_title":["no"],"site-sidebar-layout":["default"],"ast-site-content-layout":["default"],"site-content-style":["default"],"site-sidebar-style":["default"],"theme-transparent-header-meta":["default"],"_wp_old_slug":["hoodie-with-logo"],"rank_math_title":["%title%"],"_sku":["TWING001"],"litespeed_vpi_list_mobile":["a:2:{i:0;s:38:\"cropped-twing-logo-website-small-1.png\";i:1;s:34:\"Game-Components-Square-655x655.png\";}"],"litespeed_vpi_list":["a:2:{i:0;s:38:\"cropped-twing-logo-website-small-1.png\";i:1;s:34:\"Game-Components-Square-655x655.png\";}"],"rank_math_primary_product_brand":["78"],"rank_math_primary_fb_product_set":["0"],"_sale_price":["48"],"_wc_rating_count":["a:2:{i:4;i:4;i:5;i:3;}"],"_wc_gla_synced_at":["1770098556"],"_wc_gla_sync_status":["synced"],"_wc_gla_visibility":["sync-and-show"],"_wc_gla_google_ids":["a:1:{s:2:\"CH\";s:20:\"online:de:CH:gla_949\";}"],"_upsell_ids":["a:2:{i:0;i:4296;i:1;i:4509;}"],"_crosssell_ids":["a:2:{i:0;i:4292;i:1;i:4289;}"],"_wc_gla_notification_status":["updated"],"_oembed_171ab89c340d45deedf10db09dfa1bdc":["<blockquote class=\"wp-embedded-content\" data-secret=\"ml1u7rFk8O\"><a href=\"https:\/\/imperialgames.ch\/imperial-twing-fantasy-card-game\/\">Imperial Twing: The Rise of The Vice-Archmage<\/a><\/blockquote><iframe class=\"wp-embedded-content\" sandbox=\"allow-scripts\" security=\"restricted\" style=\"position: absolute; visibility: hidden;\" title=\"&#8220;Imperial Twing: The Rise of The Vice-Archmage&#8221; &#8212; Imperial Twing\" src=\"https:\/\/imperialgames.ch\/imperial-twing-fantasy-card-game\/embed\/#?secret=UJQTdAk1W3#?secret=ml1u7rFk8O\" data-secret=\"ml1u7rFk8O\" width=\"600\" height=\"338\" frameborder=\"0\" marginwidth=\"0\" marginheight=\"0\" scrolling=\"no\"><\/iframe>"],"_oembed_time_171ab89c340d45deedf10db09dfa1bdc":["1755163198"],"wb_custom_tabs":["a:2:{i:0;a:6:{s:5:\"title\";s:13:\"Why it's cool\";s:7:\"content\";s:942:\"<p><strong>First Edition Exclusive:<\/strong> Includes two blank magical object cards so you can create your own unique powers.<\/p><p><strong>Fun and challenging for everyone:<\/strong> Quick to learn, yet deep enough to challenge seasoned gamers.<\/p><p><strong>Limitless<\/strong> <strong>Replayability:<\/strong> Magical objects, sudden events, and a touch of humor keep things unpredictable and entertaining. No two games are ever the same!<\/p><p><strong>Limitless Adaptability:<\/strong> Fully adaptable rules, and endless house-rule potential. Make it your version of Imperial Twing.<\/p><p><strong>Engaging: <\/strong>the unique game mechanic ensures the game is both challenging and fun.<\/p><p><strong>Premium quality:<\/strong> 160 linen-finish poker-sized cards, four custom D12 Orn dice, 30 Orn crystals, an elegant black drawstring pouch.<\/p><p><strong>German and English:<\/strong> In one Box. Use the spare cards to create new events.<\/p>\";s:8:\"tab_type\";s:5:\"local\";s:8:\"position\";s:2:\"15\";s:8:\"nickname\";s:0:\"\";s:4:\"slug\";s:0:\"\";}i:1;a:6:{s:5:\"title\";s:12:\"How to play?\";s:7:\"content\";s:194:\"<p><img class=\"aligncenter size-full wp-image-4420\" src=\"https:\/\/imperialgames.ch\/wp-content\/uploads\/2025\/08\/GAMEPLAY-E-1.jpg\" alt=\"Imperial Twing how to play\" width=\"2560\" height=\"18286\" \/><\/p>\";s:8:\"tab_type\";s:5:\"local\";s:8:\"position\";s:2:\"11\";s:8:\"nickname\";s:0:\"\";s:4:\"slug\";s:0:\"\";}}"],"_global_unique_id":["7629999827981"],"_wc_gla_mpn":["TWING001"],"_wc_gla_brand":["Imperial Twing"],"_wc_gla_condition":["new"],"_wc_gla_isBundle":["no"],"_wc_gla_adult":["no"],"_product_image_gallery":["4474,4475,4476,4477,4478,4463,4462"],"_last_change_time":["1765309140"],"_uagb_previous_block_counts":["a:90:{s:21:\"uagb\/advanced-heading\";i:0;s:15:\"uagb\/blockquote\";i:0;s:12:\"uagb\/buttons\";i:0;s:18:\"uagb\/buttons-child\";i:0;s:19:\"uagb\/call-to-action\";i:0;s:15:\"uagb\/cf7-styler\";i:0;s:11:\"uagb\/column\";i:0;s:12:\"uagb\/columns\";i:0;s:14:\"uagb\/container\";i:0;s:21:\"uagb\/content-timeline\";i:0;s:27:\"uagb\/content-timeline-child\";i:0;s:14:\"uagb\/countdown\";i:0;s:12:\"uagb\/counter\";i:0;s:8:\"uagb\/faq\";i:0;s:14:\"uagb\/faq-child\";i:0;s:10:\"uagb\/forms\";i:0;s:17:\"uagb\/forms-accept\";i:0;s:19:\"uagb\/forms-checkbox\";i:0;s:15:\"uagb\/forms-date\";i:0;s:16:\"uagb\/forms-email\";i:0;s:17:\"uagb\/forms-hidden\";i:0;s:15:\"uagb\/forms-name\";i:0;s:16:\"uagb\/forms-phone\";i:0;s:16:\"uagb\/forms-radio\";i:0;s:17:\"uagb\/forms-select\";i:0;s:19:\"uagb\/forms-textarea\";i:0;s:17:\"uagb\/forms-toggle\";i:0;s:14:\"uagb\/forms-url\";i:0;s:14:\"uagb\/gf-styler\";i:0;s:15:\"uagb\/google-map\";i:0;s:11:\"uagb\/how-to\";i:0;s:16:\"uagb\/how-to-step\";i:0;s:9:\"uagb\/icon\";i:0;s:14:\"uagb\/icon-list\";i:0;s:20:\"uagb\/icon-list-child\";i:0;s:10:\"uagb\/image\";i:0;s:18:\"uagb\/image-gallery\";i:0;s:13:\"uagb\/info-box\";i:0;s:18:\"uagb\/inline-notice\";i:0;s:11:\"uagb\/lottie\";i:0;s:21:\"uagb\/marketing-button\";i:0;s:10:\"uagb\/modal\";i:0;s:18:\"uagb\/popup-builder\";i:0;s:16:\"uagb\/post-button\";i:0;s:18:\"uagb\/post-carousel\";i:0;s:17:\"uagb\/post-excerpt\";i:0;s:14:\"uagb\/post-grid\";i:0;s:15:\"uagb\/post-image\";i:0;s:17:\"uagb\/post-masonry\";i:0;s:14:\"uagb\/post-meta\";i:0;s:18:\"uagb\/post-taxonomy\";i:0;s:18:\"uagb\/post-timeline\";i:0;s:15:\"uagb\/post-title\";i:0;s:20:\"uagb\/restaurant-menu\";i:0;s:26:\"uagb\/restaurant-menu-child\";i:0;s:11:\"uagb\/review\";i:0;s:12:\"uagb\/section\";i:0;s:14:\"uagb\/separator\";i:0;s:11:\"uagb\/slider\";i:0;s:17:\"uagb\/slider-child\";i:0;s:17:\"uagb\/social-share\";i:0;s:23:\"uagb\/social-share-child\";i:0;s:16:\"uagb\/star-rating\";i:0;s:23:\"uagb\/sure-cart-checkout\";i:0;s:22:\"uagb\/sure-cart-product\";i:0;s:15:\"uagb\/sure-forms\";i:0;s:22:\"uagb\/table-of-contents\";i:0;s:9:\"uagb\/tabs\";i:0;s:15:\"uagb\/tabs-child\";i:0;s:18:\"uagb\/taxonomy-list\";i:0;s:9:\"uagb\/team\";i:0;s:16:\"uagb\/testimonial\";i:0;s:14:\"uagb\/wp-search\";i:0;s:19:\"uagb\/instagram-feed\";i:0;s:10:\"uagb\/login\";i:0;s:17:\"uagb\/loop-builder\";i:0;s:18:\"uagb\/loop-category\";i:0;s:20:\"uagb\/loop-pagination\";i:0;s:15:\"uagb\/loop-reset\";i:0;s:16:\"uagb\/loop-search\";i:0;s:14:\"uagb\/loop-sort\";i:0;s:17:\"uagb\/loop-wrapper\";i:0;s:13:\"uagb\/register\";i:0;s:19:\"uagb\/register-email\";i:0;s:24:\"uagb\/register-first-name\";i:0;s:23:\"uagb\/register-last-name\";i:0;s:22:\"uagb\/register-password\";i:0;s:30:\"uagb\/register-reenter-password\";i:0;s:19:\"uagb\/register-terms\";i:0;s:22:\"uagb\/register-username\";i:0;}"],"astra-migrate-meta-layouts":["set"],"_uag_css_file_name":["uag-css-949.css"],"_uag_page_assets":["a:9:{s:3:\"css\";s:7859:\".uag-blocks-common-selector{z-index:var(--z-index-desktop) !important}@media (max-width: 976px){.uag-blocks-common-selector{z-index:var(--z-index-tablet) !important}}@media (max-width: 767px){.uag-blocks-common-selector{z-index:var(--z-index-mobile) !important}}\n.wp-block-uagb-container{display:flex;position:relative;box-sizing:border-box;transition-property:box-shadow;transition-duration:0.2s;transition-timing-function:ease}.wp-block-uagb-container .spectra-container-link-overlay{bottom:0;left:0;position:absolute;right:0;top:0;z-index:10}.wp-block-uagb-container.uagb-is-root-container{margin-left:auto;margin-right:auto}.wp-block-uagb-container.alignfull.uagb-is-root-container .uagb-container-inner-blocks-wrap{display:flex;position:relative;box-sizing:border-box;margin-left:auto !important;margin-right:auto !important}.wp-block-uagb-container .wp-block-uagb-blockquote,.wp-block-uagb-container .wp-block-spectra-pro-login,.wp-block-uagb-container .wp-block-spectra-pro-register{margin:unset}.wp-block-uagb-container .uagb-container__video-wrap{height:100%;width:100%;top:0;left:0;position:absolute;overflow:hidden;-webkit-transition:opacity 1s;-o-transition:opacity 1s;transition:opacity 1s}.wp-block-uagb-container .uagb-container__video-wrap video{max-width:100%;width:100%;height:100%;margin:0;line-height:1;border:none;display:inline-block;vertical-align:baseline;-o-object-fit:cover;object-fit:cover;background-size:cover}.wp-block-uagb-container.uagb-layout-grid{display:grid;width:100%}.wp-block-uagb-container.uagb-layout-grid>.uagb-container-inner-blocks-wrap{display:inherit;width:inherit}.wp-block-uagb-container.uagb-layout-grid>.uagb-container-inner-blocks-wrap>.wp-block-uagb-container{max-width:unset !important;width:unset !important}.wp-block-uagb-container.uagb-layout-grid>.wp-block-uagb-container{max-width:unset !important;width:unset !important}.wp-block-uagb-container.uagb-layout-grid.uagb-is-root-container{margin-left:auto;margin-right:auto}.wp-block-uagb-container.uagb-layout-grid.uagb-is-root-container>.wp-block-uagb-container{max-width:unset !important;width:unset !important}.wp-block-uagb-container.uagb-layout-grid.alignwide.uagb-is-root-container{margin-left:auto;margin-right:auto}.wp-block-uagb-container.uagb-layout-grid.alignfull.uagb-is-root-container .uagb-container-inner-blocks-wrap{display:inherit;position:relative;box-sizing:border-box;margin-left:auto !important;margin-right:auto !important}body .wp-block-uagb-container>.uagb-container-inner-blocks-wrap>*:not(.wp-block-uagb-container):not(.wp-block-uagb-column):not(.wp-block-uagb-container):not(.wp-block-uagb-section):not(.uagb-container__shape):not(.uagb-container__video-wrap):not(.wp-block-spectra-pro-register):not(.wp-block-spectra-pro-login):not(.uagb-slider-container):not(.spectra-image-gallery__control-lightbox):not(.wp-block-uagb-info-box),body .wp-block-uagb-container>.uagb-container-inner-blocks-wrap,body .wp-block-uagb-container>*:not(.wp-block-uagb-container):not(.wp-block-uagb-column):not(.wp-block-uagb-container):not(.wp-block-uagb-section):not(.uagb-container__shape):not(.uagb-container__video-wrap):not(.wp-block-spectra-pro-register):not(.wp-block-spectra-pro-login):not(.uagb-slider-container):not(.spectra-container-link-overlay):not(.spectra-image-gallery__control-lightbox):not(.wp-block-uagb-lottie):not(.uagb-faq__outer-wrap){min-width:unset !important;width:100%;position:relative}body .ast-container .wp-block-uagb-container>.uagb-container-inner-blocks-wrap>.wp-block-uagb-container>ul,body .ast-container .wp-block-uagb-container>.uagb-container-inner-blocks-wrap>.wp-block-uagb-container ol,body .ast-container .wp-block-uagb-container>.uagb-container-inner-blocks-wrap>ul,body .ast-container .wp-block-uagb-container>.uagb-container-inner-blocks-wrap ol{max-width:-webkit-fill-available;margin-block-start:0;margin-block-end:0;margin-left:20px}.ast-plain-container .editor-styles-wrapper .block-editor-block-list__layout.is-root-container .uagb-is-root-container.wp-block-uagb-container.alignwide{margin-left:auto;margin-right:auto}.uagb-container__shape{overflow:hidden;position:absolute;left:0;width:100%;line-height:0;direction:ltr}.uagb-container__shape-top{top:-3px}.uagb-container__shape-bottom{bottom:-3px}.uagb-container__shape.uagb-container__invert.uagb-container__shape-bottom,.uagb-container__shape.uagb-container__invert.uagb-container__shape-top{-webkit-transform:rotate(180deg);-ms-transform:rotate(180deg);transform:rotate(180deg)}.uagb-container__shape.uagb-container__shape-flip svg{transform:translateX(-50%) rotateY(180deg)}.uagb-container__shape svg{display:block;width:-webkit-calc(100% + 1.3px);width:calc(100% + 1.3px);position:relative;left:50%;-webkit-transform:translateX(-50%);-ms-transform:translateX(-50%);transform:translateX(-50%)}.uagb-container__shape .uagb-container__shape-fill{-webkit-transform-origin:center;-ms-transform-origin:center;transform-origin:center;-webkit-transform:rotateY(0deg);transform:rotateY(0deg)}.uagb-container__shape.uagb-container__shape-above-content{z-index:9;pointer-events:none}.nv-single-page-wrap .nv-content-wrap.entry-content .wp-block-uagb-container.alignfull{margin-left:calc(50% - 50vw);margin-right:calc(50% - 50vw)}@media only screen and (max-width: 767px){.wp-block-uagb-container .wp-block-uagb-advanced-heading{width:-webkit-fill-available}}.wp-block-uagb-image--align-none{justify-content:center}\n.wp-block-uagb-container.uagb-block-c1951e2b .uagb-container__shape-top svg{width: calc( 100% + 1.3px );}.wp-block-uagb-container.uagb-block-c1951e2b .uagb-container__shape.uagb-container__shape-top .uagb-container__shape-fill{fill: rgba(51,51,51,1);}.wp-block-uagb-container.uagb-block-c1951e2b .uagb-container__shape-bottom svg{width: calc( 100% + 1.3px );}.wp-block-uagb-container.uagb-block-c1951e2b .uagb-container__shape.uagb-container__shape-bottom .uagb-container__shape-fill{fill: rgba(51,51,51,1);}.wp-block-uagb-container.uagb-block-c1951e2b .uagb-container__video-wrap video{opacity: 1;}.wp-block-uagb-container.uagb-is-root-container .uagb-block-c1951e2b{max-width: 100%;width: 100%;}.wp-block-uagb-container.uagb-is-root-container.alignfull.uagb-block-c1951e2b > .uagb-container-inner-blocks-wrap{--inner-content-custom-width: min( 100%, 1200px);max-width: var(--inner-content-custom-width);width: 100%;flex-direction: column;align-items: center;justify-content: center;flex-wrap: nowrap;row-gap: 20px;column-gap: 20px;}.wp-block-uagb-container.uagb-block-c1951e2b{box-shadow: 0px 0px   #00000070 ;padding-top: 10px;padding-bottom: 10px;padding-left: 10px;padding-right: 10px;margin-top:  !important;margin-bottom:  !important;overflow: visible;order: initial;border-color: inherit;row-gap: 20px;column-gap: 20px;}@media only screen and (max-width: 976px) {.wp-block-uagb-container.uagb-is-root-container .uagb-block-c1951e2b{width: 100%;}.wp-block-uagb-container.uagb-is-root-container.alignfull.uagb-block-c1951e2b > .uagb-container-inner-blocks-wrap{--inner-content-custom-width: min( 100%, 1024px);max-width: var(--inner-content-custom-width);width: 100%;}.wp-block-uagb-container.uagb-block-c1951e2b{padding-top: 10px;padding-bottom: 10px;padding-left: 10px;padding-right: 10px;margin-top:  !important;margin-bottom:  !important;order: initial;}}@media only screen and (max-width: 767px) {.wp-block-uagb-container.uagb-is-root-container .uagb-block-c1951e2b{max-width: 100%;width: 100%;}.wp-block-uagb-container.uagb-is-root-container.alignfull.uagb-block-c1951e2b > .uagb-container-inner-blocks-wrap{--inner-content-custom-width: min( 100%, 767px);max-width: var(--inner-content-custom-width);width: 100%;flex-wrap: wrap;}.wp-block-uagb-container.uagb-block-c1951e2b{padding-top: 10px;padding-bottom: 10px;padding-left: 10px;padding-right: 10px;margin-top:  !important;margin-bottom:  !important;order: initial;}}\";s:2:\"js\";s:0:\"\";s:18:\"current_block_list\";a:8:{i:0;s:24:\"woocommerce\/price-filter\";i:1;s:17:\"core\/widget-group\";i:2;s:27:\"woocommerce\/product-on-sale\";i:3;s:12:\"core\/heading\";i:4;s:14:\"core\/paragraph\";i:5;s:15:\"convertkit\/form\";i:6;s:10:\"core\/image\";i:7;s:14:\"uagb\/container\";}s:8:\"uag_flag\";b:1;s:11:\"uag_version\";s:10:\"1776594823\";s:6:\"gfonts\";a:0:{}s:10:\"gfonts_url\";s:0:\"\";s:12:\"gfonts_files\";a:0:{}s:14:\"uag_faq_layout\";b:0;}"]},"uagb_featured_image_src":{"full":["https:\/\/imperialgames.ch\/wp-content\/uploads\/2022\/08\/Rewards@0.5x.jpg",2200,2200,false],"thumbnail":["https:\/\/imperialgames.ch\/wp-content\/uploads\/2022\/08\/Rewards@0.5x-150x150.jpg",150,150,true],"medium":["https:\/\/imperialgames.ch\/wp-content\/uploads\/2022\/08\/Rewards@0.5x-300x300.jpg",300,300,true],"medium_large":["https:\/\/imperialgames.ch\/wp-content\/uploads\/2022\/08\/Rewards@0.5x-768x768.jpg",768,768,true],"large":["https:\/\/imperialgames.ch\/wp-content\/uploads\/2022\/08\/Rewards@0.5x-1024x1024.jpg",1024,1024,true],"1536x1536":["https:\/\/imperialgames.ch\/wp-content\/uploads\/2022\/08\/Rewards@0.5x-1536x1536.jpg",1536,1536,true],"2048x2048":["https:\/\/imperialgames.ch\/wp-content\/uploads\/2022\/08\/Rewards@0.5x-2048x2048.jpg",2048,2048,true],"trp-custom-language-flag":["https:\/\/imperialgames.ch\/wp-content\/uploads\/2022\/08\/Rewards@0.5x-12x12.jpg",12,12,true],"woocommerce_thumbnail":["https:\/\/imperialgames.ch\/wp-content\/uploads\/2022\/08\/Rewards@0.5x-500x500.jpg",500,500,true],"woocommerce_single":["https:\/\/imperialgames.ch\/wp-content\/uploads\/2022\/08\/Rewards@0.5x-655x655.jpg",655,655,true],"woocommerce_gallery_thumbnail":["https:\/\/imperialgames.ch\/wp-content\/uploads\/2022\/08\/Rewards@0.5x-100x100.jpg",100,100,true]},"uagb_author_info":{"display_name":"Lyaeus Platform","author_link":"https:\/\/imperialgames.ch\/fr\/author\/"},"uagb_comment_info":7,"uagb_excerpt":"Fantasy card &amp; dice game, 2-4 Players, 40-90 min, 9+ Imperial Twing is a magical card and dice duelling game that unleashes your mighty inner witch or wizard, using tactics and recklessness to create endless hours of thrilling fun and excitement! Play the Grand Tournament of Magic, where cunning, courage, and chaos decide destiny. Rise\u2026","_links":{"self":[{"href":"https:\/\/imperialgames.ch\/fr\/wp-json\/wp\/v2\/product\/949","targetHints":{"allow":["GET"]}}],"collection":[{"href":"https:\/\/imperialgames.ch\/fr\/wp-json\/wp\/v2\/product"}],"about":[{"href":"https:\/\/imperialgames.ch\/fr\/wp-json\/wp\/v2\/types\/product"}],"replies":[{"embeddable":true,"href":"https:\/\/imperialgames.ch\/fr\/wp-json\/wp\/v2\/comments?post=949"}],"wp:featuredmedia":[{"embeddable":true,"href":"https:\/\/imperialgames.ch\/fr\/wp-json\/wp\/v2\/media\/4473"}],"wp:attachment":[{"href":"https:\/\/imperialgames.ch\/fr\/wp-json\/wp\/v2\/media?parent=949"}],"wp:term":[{"taxonomy":"product_brand","embeddable":true,"href":"https:\/\/imperialgames.ch\/fr\/wp-json\/wp\/v2\/product_brand?post=949"},{"taxonomy":"product_cat","embeddable":true,"href":"https:\/\/imperialgames.ch\/fr\/wp-json\/wp\/v2\/product_cat?post=949"},{"taxonomy":"product_tag","embeddable":true,"href":"https:\/\/imperialgames.ch\/fr\/wp-json\/wp\/v2\/product_tag?post=949"}],"curies":[{"name":"wp","href":"https:\/\/api.w.org\/{rel}","templated":true}]}}