{"id":4499,"date":"2025-11-07T12:22:49","date_gmt":"2025-11-07T12:22:49","guid":{"rendered":"https:\/\/imperialtwing.com\/?post_type=product&#038;p=4499"},"modified":"2025-12-09T12:38:05","modified_gmt":"2025-12-09T12:38:05","slug":"mord-see","status":"publish","type":"product","link":"https:\/\/imperialgames.ch\/fr\/product\/mord-see\/","title":{"rendered":"Mord auf hoher See"},"content":{"rendered":"<div class=\"box more-info\">\n<h2>L\u00f6se das Geheimnis der t\u00f6dlichen Kreuzfahrt!<\/h2>\n<div class=\"detail-listing-container\">\n<ul>\n<li><b>Spieler:<\/b> 1-3<\/li>\n<li><b>Sprache:<\/b> Deutsch<\/li>\n<li><b>Alter:<\/b> 12+<\/li>\n<li><b>Dauer:<\/b> 2-4 Stunden<\/li>\n<\/ul>\n<\/div>\n<p>Pl\u00f6tzlich stehst du auf einem luxuri\u00f6sen Ozeandampfer, der nach New York f\u00e4hrt. Kurz nach der Abfahrt f\u00e4llt ein Schuss und eine Frau in einem roten Kleid wird tot aufgefunden. Die schicken Passagiere scheinen dunkle Geheimnisse zu haben. Jetzt musst du ihre Vergangenheit durchleuchten, um die Wahrheit rauszufinden&#8230;<\/p>\n<p>Ein illustriertes Escape Game, bei dem du 15 R\u00e4tsel l\u00f6sen musst, um den M\u00f6rder zu fangen.<\/p>\n<p>Du brauchst nur einen Stift \u2013 <strong>keine Apps oder Internet<\/strong>. Keine Zeitbegrenzung, und alle Hinweise und L\u00f6sungen findest du auf den letzten Seiten.\u00a0Da du dich nicht um irgendwelche losen Teile k\u00fcmmern musst, kannst du das R\u00e4tsel \u00fcberall l\u00f6sen: im Zug, im Caf\u00e9 oder gem\u00fctlich in einem Sessel an einem regnerischen Tag. Es ist der perfekte Begleiter f\u00fcr eine Solo-Herausforderung oder um die Spannung mit einem Freund zu teilen. Ein tolles Geschenk f\u00fcr jemanden, der gem\u00fctliche Krimis liebt.<\/p>\n<p><b>Tipp:<\/b> Du kannst alle R\u00e4tsel auf einem separaten Blatt Papier l\u00f6sen, um das Magazin in seinem Originalzustand zu erhalten. Das Magazin kann dann <b>von jemand anderem erneut gespielt werden!<\/b><\/p>\n<\/div>","protected":false},"excerpt":{"rendered":"<p>Pl\u00f6tzlich stehst du auf einem luxuri\u00f6sen Ozeandampfer, der nach New York f\u00e4hrt. Kurz nach der Abfahrt f\u00e4llt ein Schuss und eine Frau in einem roten Kleid wird tot aufgefunden. Die schicken Passagiere scheinen dunkle Geheimnisse zu haben. Jetzt musst du ihre Vergangenheit durchleuchten, um die Wahrheit rauszufinden&#8230;<\/p>\n<p>Ein illustriertes Escape Game, bei dem du 15 R\u00e4tsel l\u00f6sen musst, um den M\u00f6rder zu fangen. Keine Zeitbegrenzung, und alle Hinweise und L\u00f6sungen findest du auf den letzten Seiten.<\/p>","protected":false},"featured_media":4513,"comment_status":"open","ping_status":"closed","template":"","meta":{"_uag_custom_page_level_css":"","site-sidebar-layout":"default","site-content-layout":"","ast-site-content-layout":"default","site-content-style":"default","site-sidebar-style":"default","ast-global-header-display":"","ast-banner-title-visibility":"","ast-main-header-display":"","ast-hfb-above-header-display":"","ast-hfb-below-header-display":"","ast-hfb-mobile-header-display":"","site-post-title":"","ast-breadcrumbs-content":"","ast-featured-img":"","footer-sml-layout":"","ast-disable-related-posts":"","theme-transparent-header-meta":"default","adv-header-id-meta":"","stick-header-meta":"","header-above-stick-meta":"","header-main-stick-meta":"","header-below-stick-meta":"","astra-migrate-meta-layouts":"set","ast-page-background-enabled":"default","ast-page-background-meta":{"desktop":{"background-color":"","background-image":"","background-repeat":"repeat","background-position":"center center","background-size":"auto","background-attachment":"scroll","background-type":"","background-media":"","overlay-type":"","overlay-color":"","overlay-opacity":"","overlay-gradient":""},"tablet":{"background-color":"","background-image":"","background-repeat":"repeat","background-position":"center center","background-size":"auto","background-attachment":"scroll","background-type":"","background-media":"","overlay-type":"","overlay-color":"","overlay-opacity":"","overlay-gradient":""},"mobile":{"background-color":"","background-image":"","background-repeat":"repeat","background-position":"center center","background-size":"auto","background-attachment":"scroll","background-type":"","background-media":"","overlay-type":"","overlay-color":"","overlay-opacity":"","overlay-gradient":""}},"ast-content-background-meta":{"desktop":{"background-color":"var(--ast-global-color-5)","background-image":"","background-repeat":"repeat","background-position":"center center","background-size":"auto","background-attachment":"scroll","background-type":"","background-media":"","overlay-type":"","overlay-color":"","overlay-opacity":"","overlay-gradient":""},"tablet":{"background-color":"var(--ast-global-color-5)","background-image":"","background-repeat":"repeat","background-position":"center center","background-size":"auto","background-attachment":"scroll","background-type":"","background-media":"","overlay-type":"","overlay-color":"","overlay-opacity":"","overlay-gradient":""},"mobile":{"background-color":"var(--ast-global-color-5)","background-image":"","background-repeat":"repeat","background-position":"center center","background-size":"auto","background-attachment":"scroll","background-type":"","background-media":"","overlay-type":"","overlay-color":"","overlay-opacity":"","overlay-gradient":""}}},"product_brand":[79],"product_cat":[80],"product_tag":[],"class_list":{"0":"post-4499","1":"product","2":"type-product","3":"status-publish","4":"has-post-thumbnail","6":"product_brand-cluehound","7":"product_cat-cluehound-de","8":"product_shipping_class-ch-free-shipping","9":"desktop-align-left","10":"tablet-align-left","11":"mobile-align-left","12":"ast-product-gallery-layout-horizontal-slider","13":"ast-product-gallery-with-no-image","14":"ast-magnify-disabled","15":"ast-product-tabs-layout-horizontal","17":"first","18":"instock","19":"shipping-taxable","20":"purchasable","21":"product-type-simple"},"spectra_custom_meta":{"rank_math_internal_links_processed":["1","1","1"],"_sku":["CLUEDE002"],"_regular_price":["20"],"total_sales":["0"],"_tax_status":["taxable"],"_tax_class":[""],"_manage_stock":["no"],"_backorders":["no"],"_sold_individually":["no"],"_virtual":["no"],"_downloadable":["no"],"_download_limit":["-1"],"_download_expiry":["-1"],"_thumbnail_id":["4513"],"_stock":[null],"_stock_status":["instock"],"_wc_average_rating":["0"],"_wc_review_count":["0"],"_product_version":["10.3.6"],"_price":["20"],"rank_math_seo_score":["74"],"_premium_title":["no"],"_wp_convertkit_post_meta":["a:4:{s:4:\"form\";s:2:\"-1\";s:12:\"landing_page\";s:0:\"\";s:3:\"tag\";s:1:\"0\";s:16:\"restrict_content\";s:1:\"0\";}"],"rank_math_primary_product_brand":["79"],"rank_math_primary_product_cat":["80"],"rank_math_primary_fb_product_set":["0"],"site-sidebar-layout":["default"],"ast-site-content-layout":["default"],"site-content-style":["default"],"site-sidebar-style":["default"],"theme-transparent-header-meta":["default"],"rank_math_focus_keyword":["see"],"_wc_gla_visibility":["sync-and-show"],"litespeed_vpi_list":["a:2:{i:0;s:29:\"CrimsonPendant_Magazine_NoBGs\";i:1;s:9:\"fr_FR.png\";}"],"litespeed_vpi_list_mobile":["a:2:{i:0;s:29:\"CrimsonPendant_Magazine_NoBGs\";i:1;s:9:\"en_GB.png\";}"],"wb_custom_tabs":["a:0:{}"],"_wc_gla_brand":["Cluehound"],"_wc_gla_condition":["new"],"_wc_gla_adult":["no"],"_wc_gla_notification_status":["updated"],"_edit_lock":["1765283752:2"],"_edit_last":["2"],"_global_unique_id":["978-952-65513-9-5"],"_wc_gla_sync_status":["synced"],"_upsell_ids":["a:1:{i:0;i:949;}"],"_crosssell_ids":["a:1:{i:0;i:4495;}"],"_wc_gla_synced_at":["1769569289"],"_wc_gla_google_ids":["a:1:{s:2:\"CH\";s:21:\"online:de:CH:gla_4499\";}"],"_last_change_time":["1765283885"],"_uagb_previous_block_counts":["a:90:{s:21:\"uagb\/advanced-heading\";i:0;s:15:\"uagb\/blockquote\";i:0;s:12:\"uagb\/buttons\";i:0;s:18:\"uagb\/buttons-child\";i:0;s:19:\"uagb\/call-to-action\";i:0;s:15:\"uagb\/cf7-styler\";i:0;s:11:\"uagb\/column\";i:0;s:12:\"uagb\/columns\";i:0;s:14:\"uagb\/container\";i:0;s:21:\"uagb\/content-timeline\";i:0;s:27:\"uagb\/content-timeline-child\";i:0;s:14:\"uagb\/countdown\";i:0;s:12:\"uagb\/counter\";i:0;s:8:\"uagb\/faq\";i:0;s:14:\"uagb\/faq-child\";i:0;s:10:\"uagb\/forms\";i:0;s:17:\"uagb\/forms-accept\";i:0;s:19:\"uagb\/forms-checkbox\";i:0;s:15:\"uagb\/forms-date\";i:0;s:16:\"uagb\/forms-email\";i:0;s:17:\"uagb\/forms-hidden\";i:0;s:15:\"uagb\/forms-name\";i:0;s:16:\"uagb\/forms-phone\";i:0;s:16:\"uagb\/forms-radio\";i:0;s:17:\"uagb\/forms-select\";i:0;s:19:\"uagb\/forms-textarea\";i:0;s:17:\"uagb\/forms-toggle\";i:0;s:14:\"uagb\/forms-url\";i:0;s:14:\"uagb\/gf-styler\";i:0;s:15:\"uagb\/google-map\";i:0;s:11:\"uagb\/how-to\";i:0;s:16:\"uagb\/how-to-step\";i:0;s:9:\"uagb\/icon\";i:0;s:14:\"uagb\/icon-list\";i:0;s:20:\"uagb\/icon-list-child\";i:0;s:10:\"uagb\/image\";i:0;s:18:\"uagb\/image-gallery\";i:0;s:13:\"uagb\/info-box\";i:0;s:18:\"uagb\/inline-notice\";i:0;s:11:\"uagb\/lottie\";i:0;s:21:\"uagb\/marketing-button\";i:0;s:10:\"uagb\/modal\";i:0;s:18:\"uagb\/popup-builder\";i:0;s:16:\"uagb\/post-button\";i:0;s:18:\"uagb\/post-carousel\";i:0;s:17:\"uagb\/post-excerpt\";i:0;s:14:\"uagb\/post-grid\";i:0;s:15:\"uagb\/post-image\";i:0;s:17:\"uagb\/post-masonry\";i:0;s:14:\"uagb\/post-meta\";i:0;s:18:\"uagb\/post-taxonomy\";i:0;s:18:\"uagb\/post-timeline\";i:0;s:15:\"uagb\/post-title\";i:0;s:20:\"uagb\/restaurant-menu\";i:0;s:26:\"uagb\/restaurant-menu-child\";i:0;s:11:\"uagb\/review\";i:0;s:12:\"uagb\/section\";i:0;s:14:\"uagb\/separator\";i:0;s:11:\"uagb\/slider\";i:0;s:17:\"uagb\/slider-child\";i:0;s:17:\"uagb\/social-share\";i:0;s:23:\"uagb\/social-share-child\";i:0;s:16:\"uagb\/star-rating\";i:0;s:23:\"uagb\/sure-cart-checkout\";i:0;s:22:\"uagb\/sure-cart-product\";i:0;s:15:\"uagb\/sure-forms\";i:0;s:22:\"uagb\/table-of-contents\";i:0;s:9:\"uagb\/tabs\";i:0;s:15:\"uagb\/tabs-child\";i:0;s:18:\"uagb\/taxonomy-list\";i:0;s:9:\"uagb\/team\";i:0;s:16:\"uagb\/testimonial\";i:0;s:14:\"uagb\/wp-search\";i:0;s:19:\"uagb\/instagram-feed\";i:0;s:10:\"uagb\/login\";i:0;s:17:\"uagb\/loop-builder\";i:0;s:18:\"uagb\/loop-category\";i:0;s:20:\"uagb\/loop-pagination\";i:0;s:15:\"uagb\/loop-reset\";i:0;s:16:\"uagb\/loop-search\";i:0;s:14:\"uagb\/loop-sort\";i:0;s:17:\"uagb\/loop-wrapper\";i:0;s:13:\"uagb\/register\";i:0;s:19:\"uagb\/register-email\";i:0;s:24:\"uagb\/register-first-name\";i:0;s:23:\"uagb\/register-last-name\";i:0;s:22:\"uagb\/register-password\";i:0;s:30:\"uagb\/register-reenter-password\";i:0;s:19:\"uagb\/register-terms\";i:0;s:22:\"uagb\/register-username\";i:0;}"],"astra-migrate-meta-layouts":["set"],"_uag_css_file_name":["uag-css-4499.css"],"_uag_page_assets":["a:9:{s:3:\"css\";s:7596:\".wp-block-uagb-container{display:flex;position:relative;box-sizing:border-box;transition-property:box-shadow;transition-duration:0.2s;transition-timing-function:ease}.wp-block-uagb-container .spectra-container-link-overlay{bottom:0;left:0;position:absolute;right:0;top:0;z-index:10}.wp-block-uagb-container.uagb-is-root-container{margin-left:auto;margin-right:auto}.wp-block-uagb-container.alignfull.uagb-is-root-container .uagb-container-inner-blocks-wrap{display:flex;position:relative;box-sizing:border-box;margin-left:auto !important;margin-right:auto !important}.wp-block-uagb-container .wp-block-uagb-blockquote,.wp-block-uagb-container .wp-block-spectra-pro-login,.wp-block-uagb-container .wp-block-spectra-pro-register{margin:unset}.wp-block-uagb-container .uagb-container__video-wrap{height:100%;width:100%;top:0;left:0;position:absolute;overflow:hidden;-webkit-transition:opacity 1s;-o-transition:opacity 1s;transition:opacity 1s}.wp-block-uagb-container .uagb-container__video-wrap video{max-width:100%;width:100%;height:100%;margin:0;line-height:1;border:none;display:inline-block;vertical-align:baseline;-o-object-fit:cover;object-fit:cover;background-size:cover}.wp-block-uagb-container.uagb-layout-grid{display:grid;width:100%}.wp-block-uagb-container.uagb-layout-grid>.uagb-container-inner-blocks-wrap{display:inherit;width:inherit}.wp-block-uagb-container.uagb-layout-grid>.uagb-container-inner-blocks-wrap>.wp-block-uagb-container{max-width:unset !important;width:unset !important}.wp-block-uagb-container.uagb-layout-grid>.wp-block-uagb-container{max-width:unset !important;width:unset !important}.wp-block-uagb-container.uagb-layout-grid.uagb-is-root-container{margin-left:auto;margin-right:auto}.wp-block-uagb-container.uagb-layout-grid.uagb-is-root-container>.wp-block-uagb-container{max-width:unset !important;width:unset !important}.wp-block-uagb-container.uagb-layout-grid.alignwide.uagb-is-root-container{margin-left:auto;margin-right:auto}.wp-block-uagb-container.uagb-layout-grid.alignfull.uagb-is-root-container .uagb-container-inner-blocks-wrap{display:inherit;position:relative;box-sizing:border-box;margin-left:auto !important;margin-right:auto !important}body .wp-block-uagb-container>.uagb-container-inner-blocks-wrap>*:not(.wp-block-uagb-container):not(.wp-block-uagb-column):not(.wp-block-uagb-container):not(.wp-block-uagb-section):not(.uagb-container__shape):not(.uagb-container__video-wrap):not(.wp-block-spectra-pro-register):not(.wp-block-spectra-pro-login):not(.uagb-slider-container):not(.spectra-image-gallery__control-lightbox):not(.wp-block-uagb-info-box),body .wp-block-uagb-container>.uagb-container-inner-blocks-wrap,body .wp-block-uagb-container>*:not(.wp-block-uagb-container):not(.wp-block-uagb-column):not(.wp-block-uagb-container):not(.wp-block-uagb-section):not(.uagb-container__shape):not(.uagb-container__video-wrap):not(.wp-block-spectra-pro-register):not(.wp-block-spectra-pro-login):not(.uagb-slider-container):not(.spectra-container-link-overlay):not(.spectra-image-gallery__control-lightbox):not(.wp-block-uagb-lottie):not(.uagb-faq__outer-wrap){min-width:unset !important;width:100%;position:relative}body .ast-container .wp-block-uagb-container>.uagb-container-inner-blocks-wrap>.wp-block-uagb-container>ul,body .ast-container .wp-block-uagb-container>.uagb-container-inner-blocks-wrap>.wp-block-uagb-container ol,body .ast-container .wp-block-uagb-container>.uagb-container-inner-blocks-wrap>ul,body .ast-container .wp-block-uagb-container>.uagb-container-inner-blocks-wrap ol{max-width:-webkit-fill-available;margin-block-start:0;margin-block-end:0;margin-left:20px}.ast-plain-container .editor-styles-wrapper .block-editor-block-list__layout.is-root-container .uagb-is-root-container.wp-block-uagb-container.alignwide{margin-left:auto;margin-right:auto}.uagb-container__shape{overflow:hidden;position:absolute;left:0;width:100%;line-height:0;direction:ltr}.uagb-container__shape-top{top:-3px}.uagb-container__shape-bottom{bottom:-3px}.uagb-container__shape.uagb-container__invert.uagb-container__shape-bottom,.uagb-container__shape.uagb-container__invert.uagb-container__shape-top{-webkit-transform:rotate(180deg);-ms-transform:rotate(180deg);transform:rotate(180deg)}.uagb-container__shape.uagb-container__shape-flip svg{transform:translateX(-50%) rotateY(180deg)}.uagb-container__shape svg{display:block;width:-webkit-calc(100% + 1.3px);width:calc(100% + 1.3px);position:relative;left:50%;-webkit-transform:translateX(-50%);-ms-transform:translateX(-50%);transform:translateX(-50%)}.uagb-container__shape .uagb-container__shape-fill{-webkit-transform-origin:center;-ms-transform-origin:center;transform-origin:center;-webkit-transform:rotateY(0deg);transform:rotateY(0deg)}.uagb-container__shape.uagb-container__shape-above-content{z-index:9;pointer-events:none}.nv-single-page-wrap .nv-content-wrap.entry-content .wp-block-uagb-container.alignfull{margin-left:calc(50% - 50vw);margin-right:calc(50% - 50vw)}@media only screen and (max-width: 767px){.wp-block-uagb-container .wp-block-uagb-advanced-heading{width:-webkit-fill-available}}.wp-block-uagb-image--align-none{justify-content:center}\n.wp-block-uagb-container.uagb-block-c1951e2b .uagb-container__shape-top svg{width: calc( 100% + 1.3px );}.wp-block-uagb-container.uagb-block-c1951e2b .uagb-container__shape.uagb-container__shape-top .uagb-container__shape-fill{fill: rgba(51,51,51,1);}.wp-block-uagb-container.uagb-block-c1951e2b .uagb-container__shape-bottom svg{width: calc( 100% + 1.3px );}.wp-block-uagb-container.uagb-block-c1951e2b .uagb-container__shape.uagb-container__shape-bottom .uagb-container__shape-fill{fill: rgba(51,51,51,1);}.wp-block-uagb-container.uagb-block-c1951e2b .uagb-container__video-wrap video{opacity: 1;}.wp-block-uagb-container.uagb-is-root-container .uagb-block-c1951e2b{max-width: 100%;width: 100%;}.wp-block-uagb-container.uagb-is-root-container.alignfull.uagb-block-c1951e2b > .uagb-container-inner-blocks-wrap{--inner-content-custom-width: min( 100%, 1200px);max-width: var(--inner-content-custom-width);width: 100%;flex-direction: column;align-items: center;justify-content: center;flex-wrap: nowrap;row-gap: 20px;column-gap: 20px;}.wp-block-uagb-container.uagb-block-c1951e2b{box-shadow: 0px 0px   #00000070 ;padding-top: 10px;padding-bottom: 10px;padding-left: 10px;padding-right: 10px;margin-top:  !important;margin-bottom:  !important;overflow: visible;order: initial;border-color: inherit;row-gap: 20px;column-gap: 20px;}@media only screen and (max-width: 976px) {.wp-block-uagb-container.uagb-is-root-container .uagb-block-c1951e2b{width: 100%;}.wp-block-uagb-container.uagb-is-root-container.alignfull.uagb-block-c1951e2b > .uagb-container-inner-blocks-wrap{--inner-content-custom-width: min( 100%, 1024px);max-width: var(--inner-content-custom-width);width: 100%;}.wp-block-uagb-container.uagb-block-c1951e2b{padding-top: 10px;padding-bottom: 10px;padding-left: 10px;padding-right: 10px;margin-top:  !important;margin-bottom:  !important;order: initial;}}@media only screen and (max-width: 767px) {.wp-block-uagb-container.uagb-is-root-container .uagb-block-c1951e2b{max-width: 100%;width: 100%;}.wp-block-uagb-container.uagb-is-root-container.alignfull.uagb-block-c1951e2b > .uagb-container-inner-blocks-wrap{--inner-content-custom-width: min( 100%, 767px);max-width: var(--inner-content-custom-width);width: 100%;flex-wrap: wrap;}.wp-block-uagb-container.uagb-block-c1951e2b{padding-top: 10px;padding-bottom: 10px;padding-left: 10px;padding-right: 10px;margin-top:  !important;margin-bottom:  !important;order: initial;}}\";s:2:\"js\";s:0:\"\";s:18:\"current_block_list\";a:8:{i:0;s:24:\"woocommerce\/price-filter\";i:1;s:17:\"core\/widget-group\";i:2;s:27:\"woocommerce\/product-on-sale\";i:3;s:12:\"core\/heading\";i:4;s:14:\"core\/paragraph\";i:5;s:15:\"convertkit\/form\";i:6;s:10:\"core\/image\";i:7;s:14:\"uagb\/container\";}s:8:\"uag_flag\";b:1;s:11:\"uag_version\";s:10:\"1776583097\";s:6:\"gfonts\";a:0:{}s:10:\"gfonts_url\";s:0:\"\";s:12:\"gfonts_files\";a:0:{}s:14:\"uag_faq_layout\";b:0;}"]},"uagb_featured_image_src":{"full":["https:\/\/imperialgames.ch\/wp-content\/uploads\/2025\/11\/Maiden_Magazine_NoBGs_DE.webp",2640,2640,false],"thumbnail":["https:\/\/imperialgames.ch\/wp-content\/uploads\/2025\/11\/Maiden_Magazine_NoBGs_DE-150x150.webp",150,150,true],"medium":["https:\/\/imperialgames.ch\/wp-content\/uploads\/2025\/11\/Maiden_Magazine_NoBGs_DE-300x300.webp",300,300,true],"medium_large":["https:\/\/imperialgames.ch\/wp-content\/uploads\/2025\/11\/Maiden_Magazine_NoBGs_DE-768x768.webp",768,768,true],"large":["https:\/\/imperialgames.ch\/wp-content\/uploads\/2025\/11\/Maiden_Magazine_NoBGs_DE-1024x1024.webp",1024,1024,true],"1536x1536":["https:\/\/imperialgames.ch\/wp-content\/uploads\/2025\/11\/Maiden_Magazine_NoBGs_DE-1536x1536.webp",1536,1536,true],"2048x2048":["https:\/\/imperialgames.ch\/wp-content\/uploads\/2025\/11\/Maiden_Magazine_NoBGs_DE-2048x2048.webp",2048,2048,true],"trp-custom-language-flag":["https:\/\/imperialgames.ch\/wp-content\/uploads\/2025\/11\/Maiden_Magazine_NoBGs_DE-12x12.webp",12,12,true],"woocommerce_thumbnail":["https:\/\/imperialgames.ch\/wp-content\/uploads\/2025\/11\/Maiden_Magazine_NoBGs_DE-500x500.webp",500,500,true],"woocommerce_single":["https:\/\/imperialgames.ch\/wp-content\/uploads\/2025\/11\/Maiden_Magazine_NoBGs_DE-655x655.webp",655,655,true],"woocommerce_gallery_thumbnail":["https:\/\/imperialgames.ch\/wp-content\/uploads\/2025\/11\/Maiden_Magazine_NoBGs_DE-100x100.webp",100,100,true]},"uagb_author_info":{"display_name":"Lyaeus Platform","author_link":"https:\/\/imperialgames.ch\/fr\/author\/"},"uagb_comment_info":0,"uagb_excerpt":"Pl\u00f6tzlich stehst du auf einem luxuri\u00f6sen Ozeandampfer, der nach New York f\u00e4hrt. Kurz nach der Abfahrt f\u00e4llt ein Schuss und eine Frau in einem roten Kleid wird tot aufgefunden. Die schicken Passagiere scheinen dunkle Geheimnisse zu haben. Jetzt musst du ihre Vergangenheit durchleuchten, um die Wahrheit rauszufinden... Ein illustriertes Escape Game, bei dem du 15\u2026","_links":{"self":[{"href":"https:\/\/imperialgames.ch\/fr\/wp-json\/wp\/v2\/product\/4499","targetHints":{"allow":["GET"]}}],"collection":[{"href":"https:\/\/imperialgames.ch\/fr\/wp-json\/wp\/v2\/product"}],"about":[{"href":"https:\/\/imperialgames.ch\/fr\/wp-json\/wp\/v2\/types\/product"}],"replies":[{"embeddable":true,"href":"https:\/\/imperialgames.ch\/fr\/wp-json\/wp\/v2\/comments?post=4499"}],"wp:featuredmedia":[{"embeddable":true,"href":"https:\/\/imperialgames.ch\/fr\/wp-json\/wp\/v2\/media\/4513"}],"wp:attachment":[{"href":"https:\/\/imperialgames.ch\/fr\/wp-json\/wp\/v2\/media?parent=4499"}],"wp:term":[{"taxonomy":"product_brand","embeddable":true,"href":"https:\/\/imperialgames.ch\/fr\/wp-json\/wp\/v2\/product_brand?post=4499"},{"taxonomy":"product_cat","embeddable":true,"href":"https:\/\/imperialgames.ch\/fr\/wp-json\/wp\/v2\/product_cat?post=4499"},{"taxonomy":"product_tag","embeddable":true,"href":"https:\/\/imperialgames.ch\/fr\/wp-json\/wp\/v2\/product_tag?post=4499"}],"curies":[{"name":"wp","href":"https:\/\/api.w.org\/{rel}","templated":true}]}}